{"id":1001,"date":"2025-11-18T10:09:36","date_gmt":"2025-11-18T09:09:36","guid":{"rendered":"https:\/\/staging.microlabhard.com\/guillemfotografs\/fotografia-aerea\/"},"modified":"2025-11-27T16:04:53","modified_gmt":"2025-11-27T15:04:53","slug":"fotografia-aerea","status":"publish","type":"page","link":"https:\/\/guillemfotografs.com\/es\/fotografia-aerea\/","title":{"rendered":"Fotograf\u00eda a\u00e9rea"},"content":{"rendered":"<div class=\"wpb-content-wrapper\"><p>[vc_section full_width=\u00bbstretch_row_content\u00bb conditional_render=\u00bb%5B%7B%22value_role%22%3A%22administrator%22%7D%5D\u00bb css_params=\u00bb\u00bb css=\u00bb.vc_custom_1763368853740{margin-top: 0px !important;margin-bottom: 0px !important;padding-top: 0px !important;padding-bottom: 0px !important;}\u00bb][vc_row no_padding=\u00bbyes\u00bb conditional_render=\u00bb%5B%7B%22value_role%22%3A%22administrator%22%7D%5D\u00bb css_params=\u00bb\u00bb el_class=\u00bbmlh_banner_pagina\u00bb][vc_column conditional_render=\u00bb%5B%7B%22value_role%22%3A%22administrator%22%7D%5D\u00bb css_params=\u00bb\u00bb]<div class=\"porto-ibanner interactive-banner-wrap-07dd21040fa50768c9d370ae74e47015\" style=\"\"><img loading=\"lazy\" decoding=\"async\" alt=\"Guillem Fot\u00f2grafs - Fotografia a\u00e8ria\" width=\"2000\" height=\"1333\" class=\"porto-ibanner-img\" src=\"https:\/\/guillemfotografs.com\/wp-content\/uploads\/2025\/11\/DSCF5012.jpg\" srcset=\"https:\/\/guillemfotografs.com\/wp-content\/uploads\/2025\/11\/DSCF5012.jpg 2000w, https:\/\/guillemfotografs.com\/wp-content\/uploads\/2025\/11\/DSCF5012-1024x682.jpg 1024w, https:\/\/guillemfotografs.com\/wp-content\/uploads\/2025\/11\/DSCF5012-768x512.jpg 768w, https:\/\/guillemfotografs.com\/wp-content\/uploads\/2025\/11\/DSCF5012-1536x1024.jpg 1536w, https:\/\/guillemfotografs.com\/wp-content\/uploads\/2025\/11\/DSCF5012-640x427.jpg 640w, https:\/\/guillemfotografs.com\/wp-content\/uploads\/2025\/11\/DSCF5012-400x267.jpg 400w\" sizes=\"auto, (max-width: 2000px) 100vw, 2000px\"><div class=\"porto-ibanner-desc no-padding d-flex\"><div class=\"porto-ibanner-layer wpb_custom_2c5109c031829f9c54153ed0e6239ff6 banner-pos-f6356757d4f73384a3f5bc65723ae83a\">[vc_custom_heading text=\u00bbFotograf\u00eda a\u00e9rea\u00bb font_container=\u00bbtag:h1|font_size:6em|text_align:center|color:%23ffffff|line_height:1.1em\u00bb use_theme_fonts=\u00bbyes\u00bb css_params=\u00bb\u00bb el_class=\u00bbmlh_text_shadow_soft mlh_pagetitle\u00bb]<style>.banner-pos-f6356757d4f73384a3f5bc65723ae83a {left: 50%;right: unset;top: 50%;bottom: unset;transform: translate(-50%, -50%);}<\/style><\/div><\/div><\/div>[\/vc_column][\/vc_row][\/vc_section][vc_section full_width=\u00bbstretch_row\u00bb conditional_render=\u00bb%5B%7B%22value_role%22%3A%22administrator%22%7D%5D\u00bb css_params=\u00bb\u00bb css=\u00bb.vc_custom_1763127460605{padding-top: 80px !important;padding-bottom: 40px !important;}\u00bb][vc_row css=\u00bb.vc_custom_1762876480545{margin-top: 30px !important;}\u00bb conditional_render=\u00bb%5B%7B%22value_role%22%3A%22administrator%22%7D%5D\u00bb css_params=\u00bb\u00bb][vc_column width=\u00bb1\/4&#8243;][\/vc_column][vc_column width=\u00bb2\/4&#8243; text_align=\u00bbcenter\u00bb conditional_render=\u00bb%5B%7B%22value_role%22%3A%22administrator%22%7D%5D\u00bb css_params=\u00bb\u00bb][vc_column_text css=\u00bb\u00bb text_color=\u00bb#474747&#8243; text_typography=\u00bb{\u00abfamily\u00ab:\u00abLibre Baskerville\u00ab,\u00abvariant\u00ab:\u00abitalic\u00ab,\u00abfont_size\u00ab:\u00ab1.8em\u00ab,\u00abline_height\u00ab:\u00ab1.3em\u00ab,\u00abletter_spacing\u00ab:\u00ab\u00ab,\u00abtext_transform\u00ab:\u00abnone\u00ab}\u00bb css_params=\u00bb\u00bb]Una mirada creativa para descubrir nuevas perspectivas.[\/vc_column_text][\/vc_column][vc_column width=\u00bb1\/4&#8243;][\/vc_column][\/vc_row][\/vc_section][vc_section full_width=\u00bbstretch_row\u00bb conditional_render=\u00bb%5B%7B%22value_role%22%3A%22administrator%22%7D%5D\u00bb css_params=\u00bb\u00bb css=\u00bb.vc_custom_1763127478753{padding-top: 80px !important;padding-bottom: 40px !important;}\u00bb][vc_row conditional_render=\u00bb%5B%7B%22value_role%22%3A%22administrator%22%7D%5D\u00bb css_params=\u00bb\u00bb][vc_column conditional_render=\u00bb%5B%7B%22value_role%22%3A%22administrator%22%7D%5D\u00bb css_params=\u00bb\u00bb][vc_gallery type=\u00bbimage_grid\u00bb images=\u00bb993,994,995&#8243; img_size=\u00bbfull\u00bb onclick=\u00bb\u00bb css_animation=\u00bbnone\u00bb css=\u00bb\u00bb css_params=\u00bb\u00bb][\/vc_column][\/vc_row][\/vc_section][vc_section full_width=\u00bbstretch_row_content\u00bb conditional_render=\u00bb%5B%7B%22value_role%22%3A%22administrator%22%7D%5D\u00bb css_params=\u00bb\u00bb el_class=\u00bbmlh_fullscreen_background\u00bb css=\u00bb.vc_custom_1763457085529{background-image: url(https:\/\/guillemfotografs.com\/wp-content\/uploads\/2025\/11\/DSCF2402.jpg?id=792) !important;background-position: center !important;background-repeat: no-repeat !important;background-size: cover !important;}\u00bb][vc_row][vc_column width=\u00bb2\/3&#8243; css=\u00bb.vc_custom_1763377690080{padding-left: 80px !important;}\u00bb conditional_render=\u00bb%5B%7B%22value_role%22%3A%22administrator%22%7D%5D\u00bb css_params=\u00bb{\u00abcss_padding_left_xl\u00ab:\u00ab50px\u00ab,\u00abcss_padding_right_md\u00ab:\u00ab40px\u00ab,\u00abcss_padding_left_md\u00ab:\u00ab40px\u00ab}\u00bb custom_css_response=\u00bb@media(max-width:porto-xlpx){.vc_custom_1763377690080{padding-left:50px!important;}}@media(max-width:767px){.vc_custom_1763377690080{padding-right:40px!important;padding-left:40px!important;}}\u00bb][vc_custom_heading text=\u00bbHablemos de tu <b>proyecto<\/b>.\u00bb font_container=\u00bbtag:h2|text_align:left|color:%23ffffff\u00bb use_theme_fonts=\u00bbyes\u00bb css_params=\u00bb\u00bb el_class=\u00bbmlh_text_shadow_soft\u00bb][\/vc_column][vc_column width=\u00bb1\/3&#8243;][\/vc_column][\/vc_row][\/vc_section][vc_section full_width=\u00bbstretch_row\u00bb conditional_render=\u00bb%5B%7B%22value_role%22%3A%22administrator%22%7D%5D\u00bb css_params=\u00bb\u00bb css=\u00bb.vc_custom_1763120486558{padding-top: 80px !important;padding-bottom: 80px !important;}\u00bb][vc_row conditional_render=\u00bb%5B%7B%22value_role%22%3A%22administrator%22%7D%5D\u00bb css_params=\u00bb\u00bb][vc_column conditional_render=\u00bb%5B%7B%22value_role%22%3A%22administrator%22%7D%5D\u00bb css_params=\u00bb\u00bb][vc_gallery type=\u00bbimage_grid\u00bb images=\u00bb996,997&#8243; img_size=\u00bbfull\u00bb onclick=\u00bb\u00bb css_animation=\u00bbnone\u00bb css=\u00bb\u00bb css_params=\u00bb\u00bb][vc_gallery type=\u00bbimage_grid\u00bb images=\u00bb998,999,1000&#8243; img_size=\u00bb380&#8243; onclick=\u00bb\u00bb css_animation=\u00bbnone\u00bb css=\u00bb\u00bb css_params=\u00bb\u00bb][\/vc_column][\/vc_row][\/vc_section][vc_section full_width=\u00bbstretch_row_content\u00bb conditional_render=\u00bb%5B%7B%22value_role%22%3A%22administrator%22%7D%5D\u00bb css_params=\u00bb\u00bb el_class=\u00bbmlh_fullscreen_background\u00bb css=\u00bb.vc_custom_1763456934573{background-image: url(https:\/\/guillemfotografs.com\/wp-content\/uploads\/2025\/11\/DSCF2416.jpg?id=793) !important;background-position: center !important;background-repeat: no-repeat !important;background-size: cover !important;}\u00bb][vc_row conditional_render=\u00bb%5B%7B%22value_role%22%3A%22administrator%22%7D%5D\u00bb css_params=\u00bb\u00bb][vc_column width=\u00bb1\/2&#8243; css=\u00bb.vc_custom_1763377669986{padding-left: 80px !important;}\u00bb conditional_render=\u00bb%5B%7B%22value_role%22%3A%22administrator%22%7D%5D\u00bb css_params=\u00bb{\u00abcss_padding_left_xl\u00ab:\u00ab50px\u00ab,\u00abcss_padding_right_md\u00ab:\u00ab40px\u00ab,\u00abcss_padding_left_md\u00ab:\u00ab40px\u00ab}\u00bb custom_css_response=\u00bb@media(max-width:porto-xlpx){.vc_custom_1763377669986{padding-left:50px!important;}}@media(max-width:767px){.vc_custom_1763377669986{padding-right:40px!important;padding-left:40px!important;}}\u00bb][\/vc_column][vc_column width=\u00bb1\/2&#8243;][\/vc_column][\/vc_row][\/vc_section][vc_section full_width=\u00bbstretch_row\u00bb conditional_render=\u00bb%5B%7B%22value_role%22%3A%22administrator%22%7D%5D\u00bb css_params=\u00bb\u00bb css=\u00bb.vc_custom_1763392475425{padding-top: 0px !important;background-color: #f4f4f4 !important;}\u00bb el_id=\u00bbcontacto\u00bb][vc_row][vc_column]<div class=\"porto-block\" data-id=\"896\"><style>.vc_custom_1763543780559{padding-top: 70px !important;padding-bottom: 40px !important;}.vc_custom_1763543918098{padding-top: 60px !important;padding-bottom: 80px !important;background-color: #ffffff !important;}.vc_custom_1763543971045{padding-top: 70px !important;padding-bottom: 60px !important;}.vc_custom_1763391743660{padding-right: 80px !important;padding-left: 80px !important;}.vc_custom_1764159687301{margin-bottom: 40px !important;}.vc_custom_1764676412468{margin-bottom: 40px !important;padding-right: 50px !important;padding-left: 80px !important;}.vc_custom_1764676406864{padding-left: 80px !important;}.vc_custom_1763543927875{background-color: #ffffff !important;}.vc_custom_1763544260198{padding-left: 70px !important;}.vc_custom_1763391048607{margin-bottom: 10px !important;}.vc_custom_1763391054130{margin-bottom: 10px !important;}@media(max-width:1399px){.vc_custom_1763391743660{padding-right:50px!important;padding-left:50px!important;}}@media(max-width:1269px){.vc_custom_1763391743660{padding-right:20px!important;padding-left:20px!important;}}@media(max-width:991px){.vc_custom_1763391743660{padding-right:0px!important;padding-left:0px!important;}}@media(max-width:1399px){.vc_custom_1764676412468{padding-right:30px!important;padding-left:50px!important;}}@media(max-width:1269px){.vc_custom_1764676412468{padding-right:20px!important;padding-left:30px!important;}}@media(max-width:991px){.vc_custom_1764676412468{padding-right:0px!important;padding-left:0px!important;}}@media(max-width:1399px){.vc_custom_1764676406864{padding-left:50px!important;}}@media(max-width:1269px){.vc_custom_1764676406864{padding-left:30px!important;}}@media(max-width:991px){.vc_custom_1764676406864{padding-right:0px!important;padding-left:0px!important;}}@media(max-width:1269px){.vc_custom_1763544260198{padding-left:0px!important;}}.wpb_custom_68909756e4ac3c243322a5238a04ae3b > .wpb_wrapper > *{font-family:Libre Baskerville;font-weight:900;font-style:italic;line-height:1.3em;text-transform:none;font-size:3.3em;}.wpb_custom_b3c5f2a902374557f020d956b089cb6e > .wpb_wrapper > *{font-family:Libre Baskerville;font-weight:400;font-style:italic;line-height:1.3em;text-transform:none;font-size:1.8em;color: #474747;}.wpb_custom_1efe903570d178ff0a9b7bfa5febd3a4.porto-sicon-mobile{--porto-infobox-mpos-align: center;}.wpb_custom_6f09917744d6154bacd5920087468456 a{font-size: 22px;width: 38px;height: 38px;margin-right: 0px;}.wpb_custom_6f09917744d6154bacd5920087468456.share-links a:not(:hover){color: #ffffff;background-color: #0a0a0a;}.wpb_custom_6f09917744d6154bacd5920087468456 a:hover{color: #ffffff;background-color: var(--porto-tertiary-color);}<\/style>[vc_section full_width=\"stretch_row\" css=\".vc_custom_1763543780559{padding-top: 70px !important;padding-bottom: 40px !important;}\" conditional_render=\"%5B%7B%22value_role%22%3A%22administrator%22%7D%5D\" css_params=\"\"][vc_row gap=\"35\" conditional_render=\"%5B%7B%22value_role%22%3A%22administrator%22%7D%5D\" css_params=\"\"][vc_column width=\"1\/2\"][vc_column_text css=\".vc_custom_1764159687301{margin-bottom: 40px !important;}\" text_typography=\"{``family``:``Libre Baskerville``,``variant``:``900italic``,``font_size``:``3.3em``,``line_height``:``1.3em``,``letter_spacing``:````,``text_transform``:``none``}\" css_params=\"\"]<\/p>\r\n<h2>Creemos juntos<\/h2>\r\n<p>[\/vc_column_text][vc_column_text css=\".vc_custom_1764676412468{margin-bottom: 40px !important;padding-right: 50px !important;padding-left: 80px !important;}\" text_color=\"#474747\" text_typography=\"{``family``:``Libre Baskerville``,``variant``:``italic``,``font_size``:``1.8em``,``line_height``:``1.3em``,``letter_spacing``:````,``text_transform``:``none``}\" css_params=\"{``css_padding_right_xxl``:``30px``,``css_padding_left_xxl``:``50px``,``css_padding_right_xl``:``20px``,``css_padding_left_xl``:``30px``,``css_padding_right_lg``:``0px``,``css_padding_left_lg``:``0px``}\" custom_css_response=\"@media(max-width:porto-xxlpx){.vc_custom_1764676412468{padding-right:30px!important;padding-left:50px!important;}}@media(max-width:porto-xlpx){.vc_custom_1764676412468{padding-right:20px!important;padding-left:30px!important;}}@media(max-width:991px){.vc_custom_1764676412468{padding-right:0px!important;padding-left:0px!important;}}\"]Si sientes que compartimos la misma pasi\u00f3n por la imagen y las historias aut\u00e9nticas, estar\u00e9 encantado de conocerte y crear juntos algo \u00fanico.[\/vc_column_text][vc_btn title=\"\u00bfQu\u00e9 dicen de mi?\" link=\"url:https%3A%2F%2Fguillemfotografs.com%2Fes%2Ftestimonios%2F|\" el_class=\"mlh_btn\" css_params=\"{``css_padding_left_xxl``:``50px``,``css_padding_left_xl``:``30px``,``css_padding_right_lg``:``0px``,``css_padding_left_lg``:``0px``}\" css=\".vc_custom_1764676406864{padding-left: 80px !important;}\" custom_css_response=\"@media(max-width:porto-xxlpx){.vc_custom_1764676406864{padding-left:50px!important;}}@media(max-width:porto-xlpx){.vc_custom_1764676406864{padding-left:30px!important;}}@media(max-width:991px){.vc_custom_1764676406864{padding-right:0px!important;padding-left:0px!important;}}\"][\/vc_column][vc_column width=\"1\/2\" css=\".vc_custom_1763391743660{padding-right: 80px !important;padding-left: 80px !important;}\" conditional_render=\"%5B%7B%22value_role%22%3A%22administrator%22%7D%5D\" css_params=\"{``css_padding_right_xxl``:``50px``,``css_padding_left_xxl``:``50px``,``css_padding_right_xl``:``20px``,``css_padding_left_xl``:``20px``,``css_padding_right_lg``:``0px``,``css_padding_left_lg``:``0px``}\" custom_css_response=\"@media(max-width:porto-xxlpx){.vc_custom_1763391743660{padding-right:50px!important;padding-left:50px!important;}}@media(max-width:porto-xlpx){.vc_custom_1763391743660{padding-right:20px!important;padding-left:20px!important;}}@media(max-width:991px){.vc_custom_1763391743660{padding-right:0px!important;padding-left:0px!important;}}\"]\n<div class=\"wpcf7 no-js\" id=\"wpcf7-f1119-o1\" lang=\"es-ES\" dir=\"ltr\" data-wpcf7-id=\"1119\">\n<div class=\"screen-reader-response\"><p role=\"status\" aria-live=\"polite\" aria-atomic=\"true\"><\/p> <ul><\/ul><\/div>\n<form action=\"\/es\/wp-json\/wp\/v2\/pages\/1001#wpcf7-f1119-o1\" method=\"post\" class=\"wpcf7-form init\" aria-label=\"Formulario de contacto\" novalidate=\"novalidate\" data-status=\"init\">\n<fieldset class=\"hidden-fields-container\"><input type=\"hidden\" name=\"_wpcf7\" value=\"1119\" \/><input type=\"hidden\" name=\"_wpcf7_version\" value=\"6.1.5\" \/><input type=\"hidden\" name=\"_wpcf7_locale\" value=\"es_ES\" \/><input type=\"hidden\" name=\"_wpcf7_unit_tag\" value=\"wpcf7-f1119-o1\" \/><input type=\"hidden\" name=\"_wpcf7_container_post\" value=\"0\" \/><input type=\"hidden\" name=\"_wpcf7_posted_data_hash\" value=\"\" \/>\n<\/fieldset>\n<div class=\"left\"><span class=\"wpcf7-form-control-wrap\" data-name=\"your-name\"><input size=\"40\" maxlength=\"400\" class=\"wpcf7-form-control wpcf7-text wpcf7-validates-as-required\" aria-required=\"true\" aria-invalid=\"false\" placeholder=\"Nombre *\" value=\"\" type=\"text\" name=\"your-name\" \/><\/span><\/div>\n\n<div class=\"right\"><span class=\"wpcf7-form-control-wrap\" data-name=\"your-phone\"><input size=\"40\" maxlength=\"400\" class=\"wpcf7-form-control wpcf7-text\" aria-invalid=\"false\" placeholder=\"Tel\u00e9fono\" value=\"\" type=\"text\" name=\"your-phone\" \/><\/span><\/div>\n\n<span class=\"wpcf7-form-control-wrap\" data-name=\"your-email\"><input size=\"40\" maxlength=\"400\" class=\"wpcf7-form-control wpcf7-email wpcf7-validates-as-required wpcf7-text wpcf7-validates-as-email\" aria-required=\"true\" aria-invalid=\"false\" placeholder=\"Correo electr\u00f3nico *\" value=\"\" type=\"email\" name=\"your-email\" \/><\/span>\n\n<span class=\"wpcf7-form-control-wrap\" data-name=\"your-message\"><textarea cols=\"40\" rows=\"10\" maxlength=\"2000\" class=\"wpcf7-form-control wpcf7-textarea wpcf7-validates-as-required\" aria-required=\"true\" aria-invalid=\"false\" placeholder=\"Mensaje *\" name=\"your-message\"><\/textarea><\/span>\n\n<div class=\"MLH_Form\"><strong>Protecci\u00f3n de datos personales.<\/strong> Utilizaremos sus datos para responder consultas y realizar an\u00e1lisis estad\u00edsticos. Para m\u00e1s informaci\u00f3n sobre el tratamiento y sus derechos, consulte la <a href=\"https:\/\/guillemfotografs.com\/es\/politica-de-privacidad-y-aviso-legal\/\" rel=\"nofollow\" target=\"_blank\">Pol\u00edtica de Privacidad<\/a>. <\/div>\n\n<div class=\"wpcf7-turnstile cf-turnstile\" data-sitekey=\"0x4AAAAAABbUKyBAe5Eq3GDX\" data-response-field-name=\"_wpcf7_turnstile_response\"><\/div>\n\n<input class=\"wpcf7-form-control wpcf7-submit has-spinner\" type=\"submit\" value=\"Enviar\" \/><div class=\"wpcf7-response-output\" aria-hidden=\"true\"><\/div>\n<\/form>\n<\/div>\n[\/vc_column][\/vc_row][\/vc_section][vc_section full_width=\"stretch_row\" css=\".vc_custom_1763543918098{padding-top: 60px !important;padding-bottom: 80px !important;background-color: #ffffff !important;}\" conditional_render=\"%5B%7B%22value_role%22%3A%22administrator%22%7D%5D\" css_params=\"\" el_id=\"instagram\"][vc_row css=\".vc_custom_1763543927875{background-color: #ffffff !important;}\" conditional_render=\"%5B%7B%22value_role%22%3A%22administrator%22%7D%5D\" css_params=\"\"][vc_column width=\"1\/3\"][\/vc_column][vc_column width=\"1\/3\" conditional_render=\"%5B%7B%22value_role%22%3A%22administrator%22%7D%5D\" css_params=\"{``css_padding_left_xl``:``0px``}\" css=\".vc_custom_1763544260198{padding-left: 70px !important;}\" custom_css_response=\"@media(max-width:porto-xlpx){.vc_custom_1763544260198{padding-left:0px!important;}}\"]<div class=\"porto-sicon-box  wpb_custom_1efe903570d178ff0a9b7bfa5febd3a4 style_1 default-icon\"><div class=\"porto-sicon-default\"><div class=\"porto-just-icon-wrapper porto-sicon-img  porto-icon-9f5d1cfb45d27d96b50bf473aebba227\" style=\"font-size: 48px;\"><img loading=\"lazy\" decoding=\"async\" class=\"img-icon\" alt=\"Guillem Fot\u00f2grafs - Logo\" src=\"https:\/\/guillemfotografs.com\/wp-content\/uploads\/2025\/10\/ico_guillem.png\" width=\"361\" height=\"361\" \/><\/div><\/div><div class=\"porto-sicon-header\"><h3 class=\"porto-sicon-title\" style=\"\">@guillemfotografs<\/h3><p>Guillemfotografs<\/p><\/div> <!-- header --><\/div><!-- porto-sicon-box -->[\/vc_column][vc_column width=\"1\/3\"][\/vc_column][\/vc_row][vc_row full_width=\"stretch_row_content\" conditional_render=\"%5B%7B%22value_role%22%3A%22administrator%22%7D%5D\" css_params=\"\"][vc_column][vc_column_text css=\"\" css_params=\"\"]<link rel=\"stylesheet\" id=\"mlhwp_instagram-css\" href=\"https:\/\/hub.microlabhard.com\/templates\/instagram_template_02.css\"\r\n  media=\"all\" \/>\r\n\r\n<div class=\"mlh_instagram\">\r\n  <div class=\"grid-container\">\r\n    \r\n    <div class=\"grid-item\">\r\n      <a href=\"https:\/\/www.instagram.com\/p\/DP9wSgFiCW3\/\" target=\"_blank\" rel=\"noopener nofollow\">\r\n        <img decoding=\"async\" src=\"https:\/\/guillemfotografs.com\/wp-content\/uploads\/mlhwp\/939d91275bcb244014c5ac27d612e5838e2c40471407a10e521c45cc71155ed6.jpg\" alt=\"Instagram\" \/>\r\n        \r\n        \r\n\r\n      <\/a>\r\n    <\/div>\r\n    \r\n    <div class=\"grid-item\">\r\n      <a href=\"https:\/\/www.instagram.com\/p\/DGd0FAGuJ8C\/\" target=\"_blank\" rel=\"noopener nofollow\">\r\n        <img decoding=\"async\" src=\"https:\/\/guillemfotografs.com\/wp-content\/uploads\/mlhwp\/dda229dd8faf7bc3121098b1f7a20c6e0fddfc76add518fbfba8f9a4ef19fa6e.jpg\" alt=\"Instagram\" \/>\r\n        \r\n        \r\n\r\n      <\/a>\r\n    <\/div>\r\n    \r\n    <div class=\"grid-item\">\r\n      <a href=\"https:\/\/www.instagram.com\/p\/DA6A4Lbo4Dx\/\" target=\"_blank\" rel=\"noopener nofollow\">\r\n        <img decoding=\"async\" src=\"https:\/\/guillemfotografs.com\/wp-content\/uploads\/mlhwp\/5b0ea64408b4925f5970faca36ded261cd0d04a5d8df617c50387f14c91f37e0.jpg\" alt=\"Instagram\" \/>\r\n        \r\n        \r\n\r\n      <\/a>\r\n    <\/div>\r\n    \r\n    <div class=\"grid-item\">\r\n      <a href=\"https:\/\/www.instagram.com\/p\/DA0kP1Mogi-\/\" target=\"_blank\" rel=\"noopener nofollow\">\r\n        <img decoding=\"async\" src=\"https:\/\/guillemfotografs.com\/wp-content\/uploads\/mlhwp\/2073b51e78b22f7214f5f586f42d8918ffb254f3a33ea730ebed83480b2d6a30.jpg\" alt=\"Instagram\" \/>\r\n        \r\n        \r\n\r\n      <\/a>\r\n    <\/div>\r\n    \r\n    <div class=\"grid-item\">\r\n      <a href=\"https:\/\/www.instagram.com\/p\/DAtPnf6I2a3\/\" target=\"_blank\" rel=\"noopener nofollow\">\r\n        <img decoding=\"async\" src=\"https:\/\/guillemfotografs.com\/wp-content\/uploads\/mlhwp\/1b0f12d372d89861d63b96ee5c0711a33746b9739dd9ce8fd8b28616b6f746af.jpg\" alt=\"Instagram\" \/>\r\n        \r\n        \r\n\r\n      <\/a>\r\n    <\/div>\r\n    \r\n    <div class=\"grid-item\">\r\n      <a href=\"https:\/\/www.instagram.com\/p\/C8SL1PjIeVe\/\" target=\"_blank\" rel=\"noopener nofollow\">\r\n        <img decoding=\"async\" src=\"https:\/\/guillemfotografs.com\/wp-content\/uploads\/mlhwp\/371846d52f821194a41853e1d81aa4c9c7be77912b13cc10f3374d7f6f225687.jpg\" alt=\"Instagram\" \/>\r\n        \r\n        \r\n\r\n      <\/a>\r\n    <\/div>\r\n    \r\n  <\/div>\r\n<\/div>[\/vc_column_text][\/vc_column][\/vc_row][\/vc_section][vc_section full_width=\"stretch_row\" css=\".vc_custom_1763543971045{padding-top: 70px !important;padding-bottom: 60px !important;}\" conditional_render=\"%5B%7B%22value_role%22%3A%22administrator%22%7D%5D\" css_params=\"\"][vc_row conditional_render=\"%5B%7B%22value_role%22%3A%22administrator%22%7D%5D\" css_params=\"\"][vc_column width=\"1\/4\"][\/vc_column][vc_column width=\"1\/2\" text_align=\"center\" conditional_render=\"%5B%7B%22value_role%22%3A%22administrator%22%7D%5D\" css_params=\"\"][vc_custom_heading text=\"Guillem Urb\u00e0\" font_container=\"tag:h3|text_align:center\" use_theme_fonts=\"yes\" css_params=\"\"][vc_custom_heading text=\"629 267 989\" font_container=\"tag:h3|font_size:1.6em|text_align:center|line_height:1.1em\" use_theme_fonts=\"yes\" font_weight=\"500\" css=\".vc_custom_1763391048607{margin-bottom: 10px !important;}\" link=\"url:tel%3A%2B34629267989|target:_blank|\" css_params=\"\"][vc_custom_heading text=\"info@guillemfotografs.com\" font_container=\"tag:h3|font_size:1.4em|text_align:center|line_height:1.1em\" use_theme_fonts=\"yes\" font_weight=\"500\" css=\".vc_custom_1763391054130{margin-bottom: 10px !important;}\" link=\"url:mailto%3Ainfo%40guillemfotografs.com|target:_blank|\" css_params=\"\"][vc_custom_heading text=\"08750 - Molins de Rei - Barcelona\" font_container=\"tag:h3|font_size:1.4em|text_align:center|line_height:1.1em\" use_theme_fonts=\"yes\" font_weight=\"500\" link=\"url:https%3A%2F%2Fmaps.app.goo.gl%2Fu6o4tHKC73sTG5TFA|target:_blank|\" css_params=\"\"]<div class=\"share-links wpb_custom_6f09917744d6154bacd5920087468456\">\t\t<a target=\"_blank\"  rel=\"nofollow noopener noreferrer\" class=\"share-facebook\" href=\"https:\/\/www.facebook.com\/Guillemfotografs\/\" aria-label=\"Facebook\" title=\"Facebook\"><\/a>\r\n\t\t\t\t<a target=\"_blank\"  rel=\"nofollow noopener noreferrer\" class=\"share-instagram\" href=\"https:\/\/www.instagram.com\/guillemfotografs\/\" aria-label=\"Instagram\" title=\"Instagram\"><\/a>\r\n\t\t<\/div>[\/vc_column][vc_column width=\"1\/4\"][\/vc_column][\/vc_row][\/vc_section]<\/div>[\/vc_column][\/vc_row][\/vc_section]<\/p>\n<\/div>","protected":false},"excerpt":{"rendered":"<p>[vc_section full_width=\u00bbstretch_row_content\u00bb conditional_render=\u00bb%5B%7B%22value_role%22%3A%22administrator%22%7D%5D\u00bb css_params=\u00bb\u00bb css=\u00bb.vc_custom_1763368853740{margin-top: 0px !important;margin-bottom: 0px !important;padding-top: 0px !important;padding-bottom: 0px !important;}\u00bb][vc_row no_padding=\u00bbyes\u00bb conditional_render=\u00bb%5B%7B%22value_role%22%3A%22administrator%22%7D%5D\u00bb css_params=\u00bb\u00bb el_class=\u00bbmlh_banner_pagina\u00bb][vc_column conditional_render=\u00bb%5B%7B%22value_role%22%3A%22administrator%22%7D%5D\u00bb css_params=\u00bb\u00bb][\/vc_column][\/vc_row][\/vc_section][vc_section full_width=\u00bbstretch_row\u00bb conditional_render=\u00bb%5B%7B%22value_role%22%3A%22administrator%22%7D%5D\u00bb css_params=\u00bb\u00bb css=\u00bb.vc_custom_1763127460605{padding-top: 80px !important;padding-bottom: 40px !important;}\u00bb][vc_row css=\u00bb.vc_custom_1762876480545{margin-top: 30px !important;}\u00bb conditional_render=\u00bb%5B%7B%22value_role%22%3A%22administrator%22%7D%5D\u00bb css_params=\u00bb\u00bb][vc_column width=\u00bb1\/4&#8243;][\/vc_column][vc_column width=\u00bb2\/4&#8243; text_align=\u00bbcenter\u00bb conditional_render=\u00bb%5B%7B%22value_role%22%3A%22administrator%22%7D%5D\u00bb css_params=\u00bb\u00bb][vc_column_text css=\u00bb\u00bb text_color=\u00bb#474747&#8243; text_typography=\u00bb{\u00abfamily\u00ab:\u00abLibre Baskerville\u00ab,\u00abvariant\u00ab:\u00abitalic\u00ab,\u00abfont_size\u00ab:\u00ab1.8em\u00ab,\u00abline_height\u00ab:\u00ab1.3em\u00ab,\u00abletter_spacing\u00ab:\u00ab\u00ab,\u00abtext_transform\u00ab:\u00abnone\u00ab}\u00bb css_params=\u00bb\u00bb]Una mirada creativa para descubrir nuevas perspectivas.[\/vc_column_text][\/vc_column][vc_column width=\u00bb1\/4&#8243;][\/vc_column][\/vc_row][\/vc_section][vc_section full_width=\u00bbstretch_row\u00bb conditional_render=\u00bb%5B%7B%22value_role%22%3A%22administrator%22%7D%5D\u00bb css_params=\u00bb\u00bb css=\u00bb.vc_custom_1763127478753{padding-top: 80px !important;padding-bottom: [&hellip;]<\/p>\n","protected":false},"author":5,"featured_media":0,"parent":0,"menu_order":0,"comment_status":"closed","ping_status":"closed","template":"","meta":{"_seopress_robots_primary_cat":"","_seopress_titles_title":"%%sitetitle%% %%sep%% %%post_title%%","_seopress_titles_desc":"Fotograf\u00eda a\u00e9rea y v\u00eddeo con dron. Guillem Fot\u00f2grafs capta perspectivas \u00fanicas y espectaculares para tus proyectos. Vistas incre\u00edbles de altura.","_seopress_robots_index":"","_joinchat":[],"footnotes":""},"class_list":["post-1001","page","type-page","status-publish","hentry"],"_links":{"self":[{"href":"https:\/\/guillemfotografs.com\/es\/wp-json\/wp\/v2\/pages\/1001","targetHints":{"allow":["GET"]}}],"collection":[{"href":"https:\/\/guillemfotografs.com\/es\/wp-json\/wp\/v2\/pages"}],"about":[{"href":"https:\/\/guillemfotografs.com\/es\/wp-json\/wp\/v2\/types\/page"}],"author":[{"embeddable":true,"href":"https:\/\/guillemfotografs.com\/es\/wp-json\/wp\/v2\/users\/5"}],"replies":[{"embeddable":true,"href":"https:\/\/guillemfotografs.com\/es\/wp-json\/wp\/v2\/comments?post=1001"}],"version-history":[{"count":2,"href":"https:\/\/guillemfotografs.com\/es\/wp-json\/wp\/v2\/pages\/1001\/revisions"}],"predecessor-version":[{"id":1019,"href":"https:\/\/guillemfotografs.com\/es\/wp-json\/wp\/v2\/pages\/1001\/revisions\/1019"}],"wp:attachment":[{"href":"https:\/\/guillemfotografs.com\/es\/wp-json\/wp\/v2\/media?parent=1001"}],"curies":[{"name":"wp","href":"https:\/\/api.w.org\/{rel}","templated":true}]}}